{"id":1107,"date":"2025-02-11T20:22:51","date_gmt":"2025-02-11T19:22:51","guid":{"rendered":"https:\/\/glops.pinnae.cat\/avis-legal\/"},"modified":"2025-02-21T12:36:29","modified_gmt":"2025-02-21T11:36:29","slug":"aviso-legal","status":"publish","type":"page","link":"https:\/\/glops.pinnae.cat\/es\/aviso-legal\/","title":{"rendered":"Aviso legal"},"content":{"rendered":"\t\t<div data-elementor-type=\"wp-post\" data-elementor-id=\"1107\" class=\"elementor elementor-1107 elementor-893\">\n\t\t\t\t<div class=\"elementor-element elementor-element-13681df e-flex e-con-boxed e-con e-parent\" data-id=\"13681df\" data-element_type=\"container\">\n\t\t\t\t\t<div class=\"e-con-inner\">\n\t\t\t\t<div class=\"elementor-element elementor-element-563d47c elementor-widget elementor-widget-text-editor\" data-id=\"563d47c\" data-element_type=\"widget\" data-widget_type=\"text-editor.default\">\n\t\t\t\t<div class=\"elementor-widget-container\">\n\t\t\t\t\t\t\t\t\tAviso legal\t\t\t\t\t\t\t\t<\/div>\n\t\t\t\t<\/div>\n\t\t\t\t<div class=\"elementor-element elementor-element-5e320b5 elementor-widget elementor-widget-text-editor\" data-id=\"5e320b5\" data-element_type=\"widget\" data-widget_type=\"text-editor.default\">\n\t\t\t\t<div class=\"elementor-widget-container\">\n\t\t\t\t\t\t\t\t\t<p>En cumplimiento de lo establecido en la Ley 34\/2002, de 11 de julio, de los Servicios de la Sociedad de la Informaci\u00f3n y Comercio Electr\u00f3nico se informa que esta p\u00e1gina web (www.glops.pinnae.cat) es propiedad de la Fundaci\u00f3n\u00a0Pinnae, domiciliada en la C\/ La\u00a0Parellada\u00a0n\u00fam. 56-58, 3\u00ba 1\u00aa, 08720 Vilafranca del Pened\u00e8s y NIF G08169807.<br \/>La Fundaci\u00f3n Pinnae se encuentra inscrita en el Registro de Fundaciones de la Generalidad de Catalu\u00f1a con n\u00famero 2780.<br \/>La informaci\u00f3n de esta p\u00e1gina web de la Fundaci\u00f3n Pinnae tiene como objetivo informar al usuario.<br \/>Toda la informaci\u00f3n que contiene es referente a la \u00faltima fecha de actualizaci\u00f3n. Por lo tanto, es informativa y no vinculante, ya que puede haber modificaciones posteriores a la \u00faltima fecha de actualizaci\u00f3n.<br \/>La responsabilidad de la utilizaci\u00f3n de la informaci\u00f3n es del usuario. La Fundaci\u00f3n Pinnae se reserva el derecho de actualizarla y eliminarla, as\u00ed como el de limitar o impedir su acceso, de manera temporal o definitiva.<br \/>La Fundaci\u00f3n Pinnae rechaza la responsabilidad sobre la informaci\u00f3n contenida en p\u00e1ginas web no elaboradas por la Fundaci\u00f3n Pinnae, y muy especialmente los contenidos de los enlaces que haya entre terceros y las p\u00e1ginas web la Fundaci\u00f3n Pinnae.<br \/>La Fundaci\u00f3n Pinnae rechaza la responsabilidad de los posibles errores de seguridad que se puedan producir por el hecho de utilizar versiones de navegadores no actualizadas, o de las consecuencias que se puedan derivar del mal funcionamiento del navegador.<br \/>La Fundaci\u00f3n Pinnae rechaza la responsabilidad sobre la informaci\u00f3n contenida en p\u00e1ginas web no elaboradas por la Fundaci\u00f3n Pinnae, y muy especialmente los contenidos de los enlaces que haya entre terceros y las p\u00e1ginas web la Fundaci\u00f3n Pinnae.<br \/>La Fundaci\u00f3n Pinnae rechaza la responsabilidad de los posibles errores de seguridad que se puedan producir por el hecho de utilizar versiones de navegadores no actualizadas, o de las consecuencias que se puedan derivar del mal funcionamiento del navegador.<\/p><p>Para cualquier duda o sugerencia en relaci\u00f3n con este sitio web os pod\u00e9is dirigir a:<br \/>La Fundaci\u00f3 Pinnae C\/ La Parellada n 56-58, 3er 1a, 08720 Vilafranca del Pened\u00e8s, Tel\u00e9fono +34 93 891 65 52, info@pinnae.cat<\/p><p style=\"text-align: left;\" align=\"justify\"><br \/>CL\u00c1USULA DE PRIVACIDAD<\/p><p align=\"justify\"><span lang=\"es-ES\">De acuerdo con lo dispuesto en las normativas vigentes en protecci\u00f3n de datos personales, el Reglamento (UE) 2016\/679 de 27 de abril de 2016 (GDPR) y la Ley Org\u00e1nica (ES) 15\/1999, de Protecci\u00f3n de Datos de Car\u00e1cter Personal de 13 de diciembre (LOPD), la Fundaci\u00f3n Pinnae es responsable del tratamiento de los datos personales del usuario y le informa que estos datos ser\u00e1n tratados de conformidad con lo dispuesto en las normativas vigentes en protecci\u00f3n de datos personales. Estos datos se recogen a trav\u00e9s de su p\u00e1gina web mediante los diferentes formularios de captura de datos, forman parte de un fichero de su titularidad, debidamente inscrito en el Registro General de Protecci\u00f3n de Datos, y son tratados con la finalidad de atender a las consultas del usuario y mantener la relaci\u00f3n con el mismo.<\/span><\/p><p align=\"justify\"><span lang=\"es-ES\">El formulario de recogida de datos contiene una casilla de autorizaci\u00f3n, cuya aceptaci\u00f3n significa que el usuario da su consentimiento al tratamiento automatizado de sus datos facilitados, de acuerdo con el GDPR\/LOPD. Se entender\u00e1 que el usuario acepta estas condiciones si toma el bot\u00f3n \u00abenviar\u00bb que se encuentra en el formulario de recogida de datos, marcando antes la casilla \u00abacepto la cl\u00e1usula de privacidad\u00bb.<\/span><\/p><p align=\"justify\"><span lang=\"es-ES\">Del mismo modo los afectados autorizan a la Fundaci\u00f3n Pinnae al env\u00edo de cualquier tipo de comunicaci\u00f3n que esta crean conveniente facilitarlos. De acuerdo con lo que disponen GDPR\/LOPD, los afectados aceptan que sus datos personales, as\u00ed como los que puedan ser facilitados en el futuro, sean recogidos y tratados en un fichero titularidad de la Fundaci\u00f3n Pinnae, con domicilio en la C\/ Parellada 56-58, 3\u00ba 1\u00aa \u2013 08720, Vilafranca del Pened\u00e8s. Los mencionados datos son recogidos por la Fundaci\u00f3n Pinnae con la finalidad de ofrecer el mejor servicio personalizado e informar puntualmente de aquellas novedades que puedan ser de su inter\u00e9s, as\u00ed como para recibir correspondencia de la Fundaci\u00f3n.<\/span><\/p><p align=\"justify\"><span lang=\"es-ES\">Asimismo, se informa que sus datos no ser\u00e1n cedidos o comunicados a terceros excepto por obligaciones legales.<\/span><\/p><p align=\"justify\"><span lang=\"es-ES\">Los afectados tienen derecho a retirar el consentimiento en cualquier momento. Derecho de acceso, rectificaci\u00f3n, portabilidad y supresi\u00f3n de sus datos y de la limitaci\u00f3n u oposici\u00f3n a su tratamiento. Derecho a presentar una reclamaci\u00f3n ante la Autoridad de control (www.agpd.es) si considera que el tratamiento no se ajusta a la normativa vigente. Datos de contacto para ejercer los derechos: Fundaci\u00f3n Pinnae C\/ La Graell n\u00fam. 56-58, 3\u00ba 1\u00aa, 08720 Vilafranca del Pened\u00e8s o por correo electr\u00f3nico a info@pinnae.cat, con la referencia \u00abDerechos ARCO\u00bb.<\/span><\/p><p align=\"justify\"><span lang=\"es-ES\">La navegaci\u00f3n a trav\u00e9s de las p\u00e1ginas p\u00fablicas de la web es totalmente an\u00f3nima.\u00a0<\/span><\/p><p>\u00a0<\/p><p style=\"text-align: left;\" align=\"justify\"><b><br \/><\/b>PROPIEDAD INTELECTUAL DE LOS CONTENIDOS DE LA WEB<\/p><p align=\"justify\"><span lang=\"es-ES\">El contenido de la web, es decir, estructura, ordenaci\u00f3n, textos, im\u00e1genes, sonidos, documentos, bases de datos, c\u00f3digos fuente, v\u00eddeos, etc. Es propiedad de la Fundaci\u00f3n Pinnae y est\u00e1 protegido por las leyes de propiedad intelectual.<\/span><\/p><p align=\"justify\"><span lang=\"es-ES\">La reproducci\u00f3n, el uso, la distribuci\u00f3n, la comercializaci\u00f3n o comunicaci\u00f3n p\u00fablica y cualquier otra actividad que se pueda llevar a cabo con la informaci\u00f3n contenida en estas p\u00e1ginas web y que se haga sin la autorizaci\u00f3n escrita de La Fundaci\u00f3n Pinnae son infracciones que se castigan seg\u00fan la legislaci\u00f3n vigente.<\/span><\/p><p align=\"justify\"><span lang=\"es-ES\">Los nombres, marcas y logotipos propiedad de terceros, expuestos en la web, est\u00e1n protegidos por sus pol\u00edticas legales.<\/span><\/p><p>\u00a0<\/p><p style=\"text-align: left;\" align=\"justify\">\u00a0<\/p>\t\t\t\t\t\t\t\t<\/div>\n\t\t\t\t<\/div>\n\t\t\t\t\t<\/div>\n\t\t\t\t<\/div>\n\t\t\t\t<\/div>\n\t\t","protected":false},"excerpt":{"rendered":"<p>Aviso legal En cumplimiento de lo establecido en la Ley 34\/2002, de 11 de julio, de los Servicios de la Sociedad de la Informaci\u00f3n y Comercio Electr\u00f3nico se informa que esta p\u00e1gina web (www.glops.pinnae.cat) es propiedad de la Fundaci\u00f3n\u00a0Pinnae, domiciliada en la C\/ La\u00a0Parellada\u00a0n\u00fam. 56-58, 3\u00ba 1\u00aa, 08720 Vilafranca del Pened\u00e8s y NIF G08169807.La Fundaci\u00f3n Pinnae se encuentra inscrita en el Registro de Fundaciones de la Generalidad de Catalu\u00f1a con n\u00famero 2780.La informaci\u00f3n de esta p\u00e1gina web de la Fundaci\u00f3n Pinnae tiene como objetivo informar al usuario.Toda la informaci\u00f3n que contiene es referente a la \u00faltima fecha de actualizaci\u00f3n. Por lo tanto, es informativa y no vinculante, ya que puede haber modificaciones posteriores a la \u00faltima fecha de actualizaci\u00f3n.La responsabilidad de la utilizaci\u00f3n de la informaci\u00f3n es del usuario. La Fundaci\u00f3n Pinnae se reserva el derecho de actualizarla y eliminarla, as\u00ed como el de limitar o impedir su acceso, de manera temporal o definitiva.La Fundaci\u00f3n Pinnae rechaza la responsabilidad sobre la informaci\u00f3n contenida en p\u00e1ginas web no elaboradas por la Fundaci\u00f3n Pinnae, y muy especialmente los contenidos de los enlaces que haya entre terceros y las p\u00e1ginas web la Fundaci\u00f3n Pinnae.La Fundaci\u00f3n Pinnae rechaza la responsabilidad de los posibles errores&#8230;<\/p>\n","protected":false},"author":1,"featured_media":0,"parent":0,"menu_order":0,"comment_status":"closed","ping_status":"closed","template":"","meta":{"inline_featured_image":false,"site-sidebar-layout":"default","site-content-layout":"","ast-site-content-layout":"","site-content-style":"default","site-sidebar-style":"default","ast-global-header-display":"","ast-banner-title-visibility":"","ast-main-header-display":"","ast-hfb-above-header-display":"","ast-hfb-below-header-display":"","ast-hfb-mobile-header-display":"","site-post-title":"","ast-breadcrumbs-content":"","ast-featured-img":"","footer-sml-layout":"","theme-transparent-header-meta":"","adv-header-id-meta":"","stick-header-meta":"","header-above-stick-meta":"","header-main-stick-meta":"","header-below-stick-meta":"","astra-migrate-meta-layouts":"default","ast-page-background-enabled":"default","ast-page-background-meta":{"desktop":{"background-color":"var(--ast-global-color-5)","background-image":"","background-repeat":"repeat","background-position":"center center","background-size":"auto","background-attachment":"scroll","background-type":"","background-media":"","overlay-type":"","overlay-color":"","overlay-opacity":"","overlay-gradient":""},"tablet":{"background-color":"","background-image":"","background-repeat":"repeat","background-position":"center center","background-size":"auto","background-attachment":"scroll","background-type":"","background-media":"","overlay-type":"","overlay-color":"","overlay-opacity":"","overlay-gradient":""},"mobile":{"background-color":"","background-image":"","background-repeat":"repeat","background-position":"center center","background-size":"auto","background-attachment":"scroll","background-type":"","background-media":"","overlay-type":"","overlay-color":"","overlay-opacity":"","overlay-gradient":""}},"ast-content-background-meta":{"desktop":{"background-color":"var(--ast-global-color-4)","background-image":"","background-repeat":"repeat","background-position":"center center","background-size":"auto","background-attachment":"scroll","background-type":"","background-media":"","overlay-type":"","overlay-color":"","overlay-opacity":"","overlay-gradient":""},"tablet":{"background-color":"var(--ast-global-color-4)","background-image":"","background-repeat":"repeat","background-position":"center center","background-size":"auto","background-attachment":"scroll","background-type":"","background-media":"","overlay-type":"","overlay-color":"","overlay-opacity":"","overlay-gradient":""},"mobile":{"background-color":"var(--ast-global-color-4)","background-image":"","background-repeat":"repeat","background-position":"center center","background-size":"auto","background-attachment":"scroll","background-type":"","background-media":"","overlay-type":"","overlay-color":"","overlay-opacity":"","overlay-gradient":""}},"_price":"","_stock":"","_tribe_ticket_header":"","_tribe_default_ticket_provider":"","_ticket_start_date":"","_ticket_end_date":"","_tribe_ticket_show_description":"","_tribe_ticket_show_not_going":false,"_tribe_ticket_use_global_stock":"","_tribe_ticket_global_stock_level":"","_global_stock_mode":"","_global_stock_cap":"","_tribe_rsvp_for_event":"","_tribe_ticket_going_count":"","_tribe_ticket_not_going_count":"","_tribe_tickets_list":"[]","_tribe_ticket_has_attendee_info_fields":false,"footnotes":"","_tec_slr_enabled":"","_tec_slr_layout":""},"class_list":["post-1107","page","type-page","status-publish","hentry"],"ticketed":false,"_links":{"self":[{"href":"https:\/\/glops.pinnae.cat\/es\/wp-json\/wp\/v2\/pages\/1107","targetHints":{"allow":["GET"]}}],"collection":[{"href":"https:\/\/glops.pinnae.cat\/es\/wp-json\/wp\/v2\/pages"}],"about":[{"href":"https:\/\/glops.pinnae.cat\/es\/wp-json\/wp\/v2\/types\/page"}],"author":[{"embeddable":true,"href":"https:\/\/glops.pinnae.cat\/es\/wp-json\/wp\/v2\/users\/1"}],"replies":[{"embeddable":true,"href":"https:\/\/glops.pinnae.cat\/es\/wp-json\/wp\/v2\/comments?post=1107"}],"version-history":[{"count":4,"href":"https:\/\/glops.pinnae.cat\/es\/wp-json\/wp\/v2\/pages\/1107\/revisions"}],"predecessor-version":[{"id":1134,"href":"https:\/\/glops.pinnae.cat\/es\/wp-json\/wp\/v2\/pages\/1107\/revisions\/1134"}],"wp:attachment":[{"href":"https:\/\/glops.pinnae.cat\/es\/wp-json\/wp\/v2\/media?parent=1107"}],"curies":[{"name":"wp","href":"https:\/\/api.w.org\/{rel}","templated":true}]}}