{"id":1109,"date":"2025-02-11T20:25:53","date_gmt":"2025-02-11T19:25:53","guid":{"rendered":"https:\/\/glops.pinnae.cat\/politica-de-cookies\/"},"modified":"2025-02-21T13:28:54","modified_gmt":"2025-02-21T12:28:54","slug":"politica-de-cookies","status":"publish","type":"page","link":"https:\/\/glops.pinnae.cat\/es\/politica-de-cookies\/","title":{"rendered":"Pol\u00edtica de cookies"},"content":{"rendered":"\t\t<div data-elementor-type=\"wp-post\" data-elementor-id=\"1109\" class=\"elementor elementor-1109 elementor-898\">\n\t\t\t\t<div class=\"elementor-element elementor-element-13681df e-flex e-con-boxed e-con e-parent\" data-id=\"13681df\" data-element_type=\"container\">\n\t\t\t\t\t<div class=\"e-con-inner\">\n\t\t\t\t<div class=\"elementor-element elementor-element-563d47c elementor-widget elementor-widget-text-editor\" data-id=\"563d47c\" data-element_type=\"widget\" data-widget_type=\"text-editor.default\">\n\t\t\t\t<div class=\"elementor-widget-container\">\n\t\t\t\t\t\t\t\t\t<p>Pol\u00edtica de cookies<\/p>\t\t\t\t\t\t\t\t<\/div>\n\t\t\t\t<\/div>\n\t\t\t\t<div class=\"elementor-element elementor-element-5e320b5 elementor-widget elementor-widget-text-editor\" data-id=\"5e320b5\" data-element_type=\"widget\" data-widget_type=\"text-editor.default\">\n\t\t\t\t<div class=\"elementor-widget-container\">\n\t\t\t\t\t\t\t\t\t<p>Se informa al usuario que www.glops.pinnae.cat utiliza \u00abcookies\u00bb con la finalidad de permitir y facilitar la interacci\u00f3n del usuario con el sitio web. Asimismo, los servicios de estad\u00edstica \u2013 propios o de terceros \u2013 usados por www.glops.pinnae.cat pueden hacer uso de \u00abcookies\u00bb con la finalidad de establecer m\u00e9tricas y patrones de uso del sitio web. El acceso, el uso y en general, la navegaci\u00f3n en el sitio web www.glops.pinnae.cat suponen necesariamente el consentimiento del usuario en la utilizaci\u00f3n de \u00abcookies\u00bb por parte de www.glops.pinnae.cat y\/o de sus proveedores de servicios.<\/p><p>\u00bfQU\u00c9 S\u00d3N LES \u201cCOOKIES\u201d?<\/p><ul><li>Una \u00abcookie\u00bb es un fichero que se descarga en el ordenador del usuario al acceder a determinadas p\u00e1ginas web. Las \u00abcookies\u00bb permiten a una p\u00e1gina web, entre otras cosas, almacenar y recuperar informaci\u00f3n sobre los h\u00e1bitos de navegaci\u00f3n de un usuario o de su equipo y, dependiendo de la informaci\u00f3n que contengan y de la forma que utilice su equipo, pueden utilizarse para reconocer al usuario.<\/li><\/ul><p>\u00bfQU\u00c9 TIPO DE \u00abCOOKIES\u00bb UTILIZA ESTA P\u00c1GINA WEB?<\/p><ul><li>Cookies propias: son aquellas que se env\u00edan al equipo terminal del usuario desde un equipo o dominio gestionado por el propio editor y desde el que se presta el servicio solicitado por el usuario.<\/li><li>Cookies de terceros: son aquellas que se env\u00edan al equipo terminal del usuario desde un equipo o dominio que no es gestionado por www.glops.pinnae.cat, sino por otra entidad que trata los datos obtenidos a trav\u00e9s de las \u00abcookies\u00bb.<\/li><li>Cookies de an\u00e1lisis: son aquellas que bien tratadas por www.glops.pinnae.cat o por terceros, permiten el seguimiento y an\u00e1lisis del comportamiento del usuario. La informaci\u00f3n recogida se utiliza con finalidad estad\u00edstica y de medici\u00f3n con el fin de introducir mejoras seg\u00fan el uso que los usuarios hacen del sitio web.<\/li><li>Cookies de personalizaci\u00f3n: son aquellas que permiten al usuario acceder al servicio con algunas caracter\u00edsticas de car\u00e1cter general predefinidas en funci\u00f3n de una serie de criterios del terminal del usuario como por ejemplo ser\u00edan el idioma, el tipo de navegador, etc.<span style=\"font-family: Aptos, sans-serif;\">\u00a0 <\/span><\/li><\/ul><p>\u00bfC\u00d3MO PUEDE CONFIGURAR LAS \u00abCOOKIES\u00bb EN SU EQUIPO?<\/p><p>Puede permitir, bloquear o eliminar las \u00abcookies\u00bb instaladas en su equipo mediante las opciones del navegador instalado en su ordenador. En la funci\u00f3n \u00abAyuda\u00bb de la mayor\u00eda de los navegadores se indica c\u00f3mo configurarlo para que no se acepten \u00abcookies\u00bb, para recibir notificaciones cada vez que se instale una nueva \u00abcookie\u00bb as\u00ed como para desactivar completamente todas las \u00abcookies\u00bb. Adem\u00e1s, puede deshabilitar o eliminar datos similares utilizados por las extensiones (add-on) de los navegadores, como las \u00abFlash Cookies\u00bb, cambiando la configuraci\u00f3n de estas extensiones o visitando el sitio web del fabricante.<\/p><p>Para m\u00e0s informaci\u00f3n de los navegadores:<\/p><p>Firefox desde aqu\u00ed: <span style=\"color: #467886;\"><u><a href=\"http:\/\/support.mozilla.org\/es\/kb\/habilitar-y-deshabilitar-cookies-que-los-sitios-we\" target=\"_blank\" rel=\"noopener\">http:\/\/support.mozilla.org\/es\/kb\/habilitar-y-deshabilitar-cookies-que-los-sitios-we<\/a><\/u><\/span><br \/>Chrome desde aqu\u00ed:<span style=\"color: #467886;\"><u><a href=\"http:\/\/support.google.com\/chrome\/bin\/answer.py?hl=es&amp;answer=95647\" target=\"_blank\" rel=\"noopener\">\u00a0http:\/\/support.google.com\/chrome\/bin\/answer.py?hl=es&amp;answer=95647<\/a><\/u><\/span><br \/>Explorer desde aqu\u00ed: <span style=\"color: #467886;\"><u><a href=\"http:\/\/windows.microsoft.com\/es-es\/windows7\/how-to-manage-cookies-in-internet-explorer-9\" target=\"_blank\" rel=\"noopener\">http:\/\/windows.microsoft.com\/es-es\/windows7\/how-to-manage-cookies-in-internet-explorer-9<\/a><\/u><\/span><br \/>Safari desde aqu\u00ed: <span style=\"color: #467886;\"><u><a href=\"http:\/\/support.apple.com\/kb\/ph5042%20target=\">http:\/\/support.apple.com\/kb\/ph5042<\/a><\/u><\/span><br \/>Opera desde aqu\u00ed: <span style=\"color: #467886;\"><u><a href=\"http:\/\/help.opera.com\/Windows\/11.50\/es-ES\/cookies.html\" target=\"_blank\" rel=\"noopener\">http:\/\/help.opera.com\/Windows\/11.50\/es-ES\/cookies.html<\/a><br \/><\/u><\/span><br \/><br \/><\/p><table style=\"font-size: 14px; line-height: 1.2;\" width=\"1270\" cellspacing=\"0\" cellpadding=\"0\"><tbody><tr valign=\"top\"><td>Cookies analytics<\/td><td>\u00a0<\/td><td>\u00a0<\/td><td>\u00a0<\/td><td>\u00a0<\/td><\/tr><tr valign=\"top\"><td>DOMINIO<\/td><td>NOMBRE<\/td><td>TIPOLOGIA<\/td><td>CADUCIDAD<\/td><td>FINALIDAD<\/td><\/tr><tr valign=\"top\"><td>.pinnae.cat<\/td><td>_utma<\/td><td>An\u00e1lisi<\/td><td><span style=\"color: #111111;\"><span style=\"font-family: Aptos, sans-serif;\">A los dos a\u00f1os del \u00faltimo uso<\/span><\/span><\/td><td>Esta cookie genera un ID de usuario \u00fanico y registra la fecha, la primera y la \u00faltima vez que el usuario ha visitado la web. Se utiliza para hacer un recuento de cu\u00e1ntas veces visita el sitio un usuario \u00fanico. (Google)<\/td><\/tr><tr valign=\"top\"><td>.pinnae.cat<\/td><td>_utmb<\/td><td>An\u00e1lisi<\/td><td>A los 30 minutos de la \u00faltima actualizaci\u00f3n<\/td><td>Esta cookie registra la hora de llegada a la p\u00e1gina y caduca a los 30 minutos del \u00faltimo registro de p\u00e1gina vista. Se elimina autom\u00e1ticamente al cambiar de web o al cerrar el navegador. (Google)<\/td><\/tr><tr valign=\"top\"><td>.pinnae.cat<\/td><td>_utmc<\/td><td>An\u00e1lisi<\/td><td>Ya no se usa<\/td><td>Se usaba para saber el estado de la sesi\u00f3n, cerrada o abierta. Se mantiene por compatibilidad con webs que utilicen el antiguo c\u00f3digo de seguimiento de Google Analytics.<\/td><\/tr><tr valign=\"top\"><td>.pinnae.cat<\/td><td>_utmz<\/td><td>An\u00e1lisi<\/td><td>A los seis meses<\/td><td>Almacena el origen del visitante, el que camino que ha seguido para acceder a la web, ya sea directo, desde otra web, desde un enlace de correo electr\u00f3nico, usando determinadas palabras en un motor de b\u00fasqueda, a partir de una campa\u00f1a, o por medio de un anuncio de AdWords (Google).<\/td><\/tr><tr valign=\"top\"><td>\u00a0<\/td><td>\u00a0<\/td><td>\u00a0<\/td><td>\u00a0<\/td><td>\u00a0<\/td><\/tr><tr valign=\"top\"><td><span style=\"color: #467886;\"><u><a href=\"http:\/\/www.glops.pinnae.cat\/\">www.glops.pinnae.cat<\/a><\/u><\/span><\/td><td>_icl_current_language<\/td><td>Personalitzaci\u00f3n<\/td><td>1 d\u00eda<\/td><td>Almacena el idioma de la web, es parte del plugin WPML de WordPress<\/td><\/tr><\/tbody><\/table><table style=\"font-size: 14px; line-height: 1.2;\" width=\"1270\" cellspacing=\"0\" cellpadding=\"0\"><tbody><tr valign=\"top\"><td>Cookies analytics<\/td><td>\u00a0<\/td><td>\u00a0<\/td><td>\u00a0<\/td><td>\u00a0<\/td><\/tr><tr valign=\"top\"><td>DOMINIO<\/td><td>NOMBRE<\/td><td>TIPOLOGIA<\/td><td>CADUCIDAD<\/td><td>FINALIDAD<\/td><\/tr><tr valign=\"top\"><td>.player.vimeo.com<\/td><td>_utma<\/td><td>An\u00e1lisi<\/td><td>A los dos a\u00f1os del \u00faltimo uso<\/td><td>Esta cookie genera un ID de usuario \u00fanico y registra la fecha, la primera y la \u00faltima vez que el usuario visita el v\u00eddeo. Se utiliza para hacer un recuento de cu\u00e1ntas veces visita el sitio un usuario \u00fanico. (vimeo.com)<\/td><\/tr><tr valign=\"top\"><td>.player.vimeo.com<\/td><td>_utmb<\/td><td>An\u00e1lisi<\/td><td>A los 30 minutos de la \u00faltima actualizaci\u00f3n<\/td><td>Esta cookie registra la hora de llegada a la p\u00e1gina y caduca a los 30 minutos del \u00faltimo registro de p\u00e1gina vista. Se elimina autom\u00e1ticamente al cambiar de web o al cerrar el navegador (vimeo.com).<\/td><\/tr><tr valign=\"top\"><td>.player.vimeo.com<\/td><td>_utmc<\/td><td>An\u00e1lisi<\/td><td>Ya no se usa<\/td><td>Se usaba para saber el estado de la sesi\u00f3n, cerrada o abierta. Se mantiene por compatibilidad con webs que utilicen el antiguo c\u00f3digo de seguimiento de Vimeo.com<\/td><\/tr><tr valign=\"top\"><td>.player.vimeo.com<\/td><td>_utmz<\/td><td>An\u00e1lisi<\/td><td>A los seis meses<\/td><td>Almacena el origen del visitante, el que camino que ha seguido para acceder a la web, ya sea directo, desde otra web, desde un enlace de correo electr\u00f3nico, usando determinadas palabras en un motor de b\u00fasqueda, a partir de una campa\u00f1a, o por medio de un anuncio de AdWords.vimeo.com<\/td><\/tr><tr valign=\"top\"><td>.vimeo .com<\/td><td>player<\/td><td>An\u00e1lisi<\/td><td>1 d\u00eda<\/td><td>ordenador, como la direcci\u00f3n IP, anchura de banda, los datos de calidad de v\u00eddeo no vincula deliberadamente esta informaci\u00f3n a ninguna informaci\u00f3n de identificaci\u00f3n personal.<\/td><\/tr><\/tbody><\/table><p>\u00a0<\/p>\t\t\t\t\t\t\t\t<\/div>\n\t\t\t\t<\/div>\n\t\t\t\t\t<\/div>\n\t\t\t\t<\/div>\n\t\t\t\t<\/div>\n\t\t","protected":false},"excerpt":{"rendered":"<p>Pol\u00edtica de cookies Se informa al usuario que www.glops.pinnae.cat utiliza \u00abcookies\u00bb con la finalidad de permitir y facilitar la interacci\u00f3n del usuario con el sitio web. Asimismo, los servicios de estad\u00edstica \u2013 propios o de terceros \u2013 usados por www.glops.pinnae.cat pueden hacer uso de \u00abcookies\u00bb con la finalidad de establecer m\u00e9tricas y patrones de uso del sitio web. El acceso, el uso y en general, la navegaci\u00f3n en el sitio web www.glops.pinnae.cat suponen necesariamente el consentimiento del usuario en la utilizaci\u00f3n de \u00abcookies\u00bb por parte de www.glops.pinnae.cat y\/o de sus proveedores de servicios. \u00bfQU\u00c9 S\u00d3N LES \u201cCOOKIES\u201d? Una \u00abcookie\u00bb es un fichero que se descarga en el ordenador del usuario al acceder a determinadas p\u00e1ginas web. Las \u00abcookies\u00bb permiten a una p\u00e1gina web, entre otras cosas, almacenar y recuperar informaci\u00f3n sobre los h\u00e1bitos de navegaci\u00f3n de un usuario o de su equipo y, dependiendo de la informaci\u00f3n que contengan y de la forma que utilice su equipo, pueden utilizarse para reconocer al usuario. \u00bfQU\u00c9 TIPO DE \u00abCOOKIES\u00bb UTILIZA ESTA P\u00c1GINA WEB? Cookies propias: son aquellas que se env\u00edan al equipo terminal del usuario desde un equipo o dominio gestionado por el propio editor y desde el que se presta el&#8230;<\/p>\n","protected":false},"author":1,"featured_media":0,"parent":0,"menu_order":0,"comment_status":"closed","ping_status":"closed","template":"","meta":{"inline_featured_image":false,"site-sidebar-layout":"default","site-content-layout":"","ast-site-content-layout":"","site-content-style":"default","site-sidebar-style":"default","ast-global-header-display":"","ast-banner-title-visibility":"","ast-main-header-display":"","ast-hfb-above-header-display":"","ast-hfb-below-header-display":"","ast-hfb-mobile-header-display":"","site-post-title":"","ast-breadcrumbs-content":"","ast-featured-img":"","footer-sml-layout":"","theme-transparent-header-meta":"","adv-header-id-meta":"","stick-header-meta":"","header-above-stick-meta":"","header-main-stick-meta":"","header-below-stick-meta":"","astra-migrate-meta-layouts":"default","ast-page-background-enabled":"default","ast-page-background-meta":{"desktop":{"background-color":"var(--ast-global-color-5)","background-image":"","background-repeat":"repeat","background-position":"center center","background-size":"auto","background-attachment":"scroll","background-type":"","background-media":"","overlay-type":"","overlay-color":"","overlay-opacity":"","overlay-gradient":""},"tablet":{"background-color":"","background-image":"","background-repeat":"repeat","background-position":"center center","background-size":"auto","background-attachment":"scroll","background-type":"","background-media":"","overlay-type":"","overlay-color":"","overlay-opacity":"","overlay-gradient":""},"mobile":{"background-color":"","background-image":"","background-repeat":"repeat","background-position":"center center","background-size":"auto","background-attachment":"scroll","background-type":"","background-media":"","overlay-type":"","overlay-color":"","overlay-opacity":"","overlay-gradient":""}},"ast-content-background-meta":{"desktop":{"background-color":"var(--ast-global-color-4)","background-image":"","background-repeat":"repeat","background-position":"center center","background-size":"auto","background-attachment":"scroll","background-type":"","background-media":"","overlay-type":"","overlay-color":"","overlay-opacity":"","overlay-gradient":""},"tablet":{"background-color":"var(--ast-global-color-4)","background-image":"","background-repeat":"repeat","background-position":"center center","background-size":"auto","background-attachment":"scroll","background-type":"","background-media":"","overlay-type":"","overlay-color":"","overlay-opacity":"","overlay-gradient":""},"mobile":{"background-color":"var(--ast-global-color-4)","background-image":"","background-repeat":"repeat","background-position":"center center","background-size":"auto","background-attachment":"scroll","background-type":"","background-media":"","overlay-type":"","overlay-color":"","overlay-opacity":"","overlay-gradient":""}},"_price":"","_stock":"","_tribe_ticket_header":"","_tribe_default_ticket_provider":"","_ticket_start_date":"","_ticket_end_date":"","_tribe_ticket_show_description":"","_tribe_ticket_show_not_going":false,"_tribe_ticket_use_global_stock":"","_tribe_ticket_global_stock_level":"","_global_stock_mode":"","_global_stock_cap":"","_tribe_rsvp_for_event":"","_tribe_ticket_going_count":"","_tribe_ticket_not_going_count":"","_tribe_tickets_list":"[]","_tribe_ticket_has_attendee_info_fields":false,"footnotes":"","_tec_slr_enabled":"","_tec_slr_layout":""},"class_list":["post-1109","page","type-page","status-publish","hentry"],"ticketed":false,"_links":{"self":[{"href":"https:\/\/glops.pinnae.cat\/es\/wp-json\/wp\/v2\/pages\/1109","targetHints":{"allow":["GET"]}}],"collection":[{"href":"https:\/\/glops.pinnae.cat\/es\/wp-json\/wp\/v2\/pages"}],"about":[{"href":"https:\/\/glops.pinnae.cat\/es\/wp-json\/wp\/v2\/types\/page"}],"author":[{"embeddable":true,"href":"https:\/\/glops.pinnae.cat\/es\/wp-json\/wp\/v2\/users\/1"}],"replies":[{"embeddable":true,"href":"https:\/\/glops.pinnae.cat\/es\/wp-json\/wp\/v2\/comments?post=1109"}],"version-history":[{"count":25,"href":"https:\/\/glops.pinnae.cat\/es\/wp-json\/wp\/v2\/pages\/1109\/revisions"}],"predecessor-version":[{"id":1170,"href":"https:\/\/glops.pinnae.cat\/es\/wp-json\/wp\/v2\/pages\/1109\/revisions\/1170"}],"wp:attachment":[{"href":"https:\/\/glops.pinnae.cat\/es\/wp-json\/wp\/v2\/media?parent=1109"}],"curies":[{"name":"wp","href":"https:\/\/api.w.org\/{rel}","templated":true}]}}